{"id":225,"date":"2026-03-25T23:16:12","date_gmt":"2026-03-25T16:16:12","guid":{"rendered":"https:\/\/alvenix.vn\/?page_id=225"},"modified":"2026-04-06T11:34:50","modified_gmt":"2026-04-06T04:34:50","slug":"lien-he","status":"publish","type":"page","link":"https:\/\/alvenix.vn\/en\/lien-he\/","title":{"rendered":"Li\u00ean h\u1ec7"},"content":{"rendered":"<div data-elementor-type=\"wp-page\" data-elementor-id=\"225\" class=\"elementor elementor-225\" data-elementor-post-type=\"page\">\n\t\t\t\t<div class=\"elementor-element elementor-element-31e51f5f e-flex e-con-boxed e-con e-parent\" data-id=\"31e51f5f\" data-element_type=\"container\" data-e-type=\"container\" data-settings=\"{&quot;background_background&quot;:&quot;gradient&quot;}\">\n\t\t\t\t\t<div class=\"e-con-inner\">\n\t\t<div class=\"elementor-element elementor-element-d3f9b2e e-con-full e-flex e-con e-child\" data-id=\"d3f9b2e\" data-element_type=\"container\" data-e-type=\"container\">\n\t\t\t\t<div class=\"elementor-element elementor-element-5a2aa63f elementor-widget elementor-widget-heading\" data-id=\"5a2aa63f\" data-element_type=\"widget\" data-e-type=\"widget\" data-widget_type=\"heading.default\">\n\t\t\t\t\t<h1 class=\"elementor-heading-title elementor-size-default\">Li\u00ean h\u1ec7<\/h1>\t\t\t\t<\/div>\n\t\t\t\t<\/div>\n\t\t\t\t\t<\/div>\n\t\t\t\t<\/div>\n\t\t<div class=\"elementor-element elementor-element-17e9a10a e-flex e-con-boxed e-con e-parent\" data-id=\"17e9a10a\" data-element_type=\"container\" data-e-type=\"container\">\n\t\t\t\t\t<div class=\"e-con-inner\">\n\t\t<div class=\"elementor-element elementor-element-75ec10d1 e-con-full animated-slow e-flex elementor-invisible e-con e-child\" data-id=\"75ec10d1\" data-element_type=\"container\" data-e-type=\"container\" data-settings=\"{&quot;animation&quot;:&quot;fadeInRight&quot;}\">\n\t\t\t\t<div class=\"elementor-element elementor-element-b41e167 elementor-icon-list--layout-traditional elementor-list-item-link-full_width elementor-widget elementor-widget-icon-list\" data-id=\"b41e167\" data-element_type=\"widget\" data-e-type=\"widget\" data-widget_type=\"icon-list.default\">\n\t\t\t\t\t\t\t<ul class=\"elementor-icon-list-items\">\n\t\t\t\t\t\t\t<li class=\"elementor-icon-list-item\">\n\t\t\t\t\t\t\t\t\t\t\t<span class=\"elementor-icon-list-icon\">\n\t\t\t\t\t\t\t<svg aria-hidden=\"true\" class=\"e-font-icon-svg e-fas-square-full\" viewbox=\"0 0 512 512\" xmlns=\"http:\/\/www.w3.org\/2000\/svg\"><path d=\"M512 512H0V0h512v512z\"><\/path><\/svg>\t\t\t\t\t\t<\/span>\n\t\t\t\t\t\t\t\t\t\t<span class=\"elementor-icon-list-text\"><\/span>\n\t\t\t\t\t\t\t\t\t<\/li>\n\t\t\t\t\t\t<\/ul>\n\t\t\t\t\t\t<\/div>\n\t\t\t\t<div class=\"elementor-element elementor-element-30402ea8 elementor-widget elementor-widget-heading\" data-id=\"30402ea8\" data-element_type=\"widget\" data-e-type=\"widget\" data-widget_type=\"heading.default\">\n\t\t\t\t\t<h2 class=\"elementor-heading-title elementor-size-default\">K\u1ebft n\u1ed1i v\u1edbi chuy\u00ean gia c\u1ee7a Alvenix<\/h2>\t\t\t\t<\/div>\n\t\t\t\t<div class=\"elementor-element elementor-element-761f2798 elementor-widget elementor-widget-text-editor\" data-id=\"761f2798\" data-element_type=\"widget\" data-e-type=\"widget\" data-widget_type=\"text-editor.default\">\n\t\t\t\t\t\t\t\t\t<p>Alvenix s\u1eb5n s\u00e0ng l\u1eafng nghe v\u00e0 \u0111\u1ed3ng h\u00e0nh \u0111\u1ec3 bi\u1ebfn t\u1ea7m nh\u00ecn c\u1ee7a b\u1ea1n th\u00e0nh hi\u1ec7n th\u1ef1c.<\/p>\t\t\t\t\t\t\t\t<\/div>\n\t\t\t\t<div class=\"elementor-element elementor-element-4db9822 elementor-view-stacked elementor-shape-square elementor-position-inline-start elementor-mobile-position-inline-start elementor-widget elementor-widget-icon-box\" data-id=\"4db9822\" data-element_type=\"widget\" data-e-type=\"widget\" data-widget_type=\"icon-box.default\">\n\t\t\t\t\t\t\t<div class=\"elementor-icon-box-wrapper\">\n\n\t\t\t\t\t\t<div class=\"elementor-icon-box-icon\">\n\t\t\t\t<a href=\"tel:0968552204\" target=\"_blank\" class=\"elementor-icon\" tabindex=\"-1\" aria-label=\"Hotline h\u1ed7 tr\u1ee3\">\n\t\t\t\t<svg class=\"ekit-svg-icon icon-phone1\" viewbox=\"0 0 32 32\" xmlns=\"http:\/\/www.w3.org\/2000\/svg\"><path d=\"M25.288 20.225c-0.656-0.681-1.444-1.044-2.281-1.044-0.831 0-1.625 0.356-2.313 1.038l-2.131 2.125c-0.175-0.094-0.35-0.181-0.519-0.269-0.244-0.119-0.475-0.238-0.669-0.356-2-1.269-3.819-2.925-5.556-5.063-0.844-1.069-1.412-1.963-1.825-2.875 0.556-0.506 1.069-1.031 1.569-1.537 0.188-0.188 0.381-0.387 0.569-0.575 1.419-1.419 1.419-3.256 0-4.675l-1.844-1.844c-0.206-0.206-0.425-0.425-0.625-0.644-0.406-0.419-0.831-0.85-1.269-1.256-0.656-0.65-1.438-0.994-2.263-0.994s-1.619 0.344-2.294 0.994c-0.006 0.006-0.006 0.006-0.013 0.013l-2.294 2.319c-0.863 0.862-1.356 1.919-1.462 3.138-0.163 1.975 0.419 3.806 0.863 5.013 1.094 2.95 2.731 5.688 5.169 8.619 2.956 3.531 6.519 6.319 10.581 8.288 1.556 0.738 3.625 1.606 5.944 1.756 0.144 0.006 0.288 0.013 0.425 0.013 1.563 0 2.869-0.563 3.9-1.675 0.006-0.012 0.019-0.019 0.025-0.031 0.35-0.425 0.756-0.813 1.181-1.225 0.288-0.275 0.587-0.569 0.875-0.869 0.669-0.694 1.019-1.506 1.019-2.337 0-0.837-0.356-1.644-1.038-2.319l-3.725-3.725zM27.706 27.337c-0.006 0-0.006 0.006 0 0-0.262 0.281-0.531 0.538-0.825 0.825-0.438 0.419-0.887 0.856-1.306 1.35-0.681 0.731-1.488 1.075-2.538 1.075-0.1 0-0.206 0-0.313-0.006-2.006-0.131-3.869-0.913-5.269-1.581-3.825-1.85-7.181-4.475-9.969-7.806-2.294-2.781-3.837-5.35-4.856-8.1-0.625-1.681-0.856-2.994-0.756-4.225 0.069-0.787 0.369-1.444 0.931-2.006l2.3-2.3c0.331-0.313 0.681-0.481 1.025-0.481 0.425 0 0.769 0.256 0.987 0.475 0.006 0.006 0.013 0.013 0.019 0.019 0.412 0.388 0.806 0.781 1.219 1.206 0.206 0.219 0.425 0.431 0.644 0.656l1.844 1.844c0.719 0.719 0.719 1.375 0 2.094-0.194 0.194-0.387 0.394-0.581 0.581-0.569 0.581-1.106 1.119-1.694 1.65-0.012 0.012-0.025 0.019-0.031 0.031-0.581 0.581-0.475 1.15-0.35 1.531 0.006 0.019 0.012 0.037 0.019 0.063 0.481 1.162 1.156 2.256 2.181 3.556l0.006 0.006c1.863 2.294 3.831 4.087 6 5.456 0.275 0.175 0.563 0.319 0.831 0.45 0.244 0.119 0.475 0.238 0.669 0.356 0.025 0.012 0.056 0.031 0.081 0.050 0.231 0.113 0.444 0.169 0.669 0.169 0.563 0 0.913-0.35 1.025-0.469l2.313-2.313c0.231-0.231 0.594-0.506 1.019-0.506 0.419 0 0.762 0.262 0.975 0.494 0.006 0.006 0.006 0.006 0.012 0.012l3.719 3.719c0.688 0.7 0.688 1.406 0 2.125zM17.294 8.012c1.769 0.3 3.375 1.137 4.662 2.419s2.113 2.894 2.419 4.662c0.075 0.444 0.456 0.756 0.9 0.756 0.056 0 0.1-0.006 0.156-0.012 0.5-0.081 0.831-0.556 0.75-1.056-0.363-2.144-1.375-4.094-2.925-5.638-1.544-1.544-3.5-2.563-5.637-2.925-0.5-0.081-0.969 0.25-1.056 0.744-0.094 0.487 0.231 0.969 0.731 1.050zM31.962 14.519c-0.6-3.525-2.262-6.731-4.813-9.287s-5.762-4.213-9.288-4.813c-0.494-0.088-0.956 0.25-1.044 0.744-0.081 0.5 0.25 0.969 0.75 1.056 3.15 0.531 6.019 2.025 8.3 4.3 2.281 2.281 3.769 5.156 4.3 8.3 0.075 0.444 0.456 0.756 0.9 0.756 0.056 0 0.1-0.006 0.156-0.012 0.488-0.081 0.825-0.556 0.738-1.044z\"><\/path><\/svg>\t\t\t\t<\/a>\n\t\t\t<\/div>\n\t\t\t\n\t\t\t\t\t\t<div class=\"elementor-icon-box-content\">\n\n\t\t\t\t\t\t\t\t\t<h5 class=\"elementor-icon-box-title\">\n\t\t\t\t\t\t<a href=\"tel:0968552204\" target=\"_blank\" >\n\t\t\t\t\t\t\tHotline h\u1ed7 tr\u1ee3\t\t\t\t\t\t<\/a>\n\t\t\t\t\t<\/h5>\n\t\t\t\t\n\t\t\t\t\t\t\t\t\t<p class=\"elementor-icon-box-description\">\n\t\t\t\t\t\t+84 (0) 968 55 22 04\t\t\t\t\t<\/p>\n\t\t\t\t\n\t\t\t<\/div>\n\t\t\t\n\t\t<\/div>\n\t\t\t\t\t\t<\/div>\n\t\t\t\t<div class=\"elementor-element elementor-element-90a94e1 elementor-view-stacked elementor-shape-square elementor-position-inline-start elementor-mobile-position-inline-start elementor-widget elementor-widget-icon-box\" data-id=\"90a94e1\" data-element_type=\"widget\" data-e-type=\"widget\" data-widget_type=\"icon-box.default\">\n\t\t\t\t\t\t\t<div class=\"elementor-icon-box-wrapper\">\n\n\t\t\t\t\t\t<div class=\"elementor-icon-box-icon\">\n\t\t\t\t<a href=\"mailto:anduongduc@gmail.com\" target=\"_blank\" class=\"elementor-icon\" tabindex=\"-1\" aria-label=\"G\u1eedi m\u00f4 t\u1ea3 d\u1ef1 \u00e1n cho ch\u00fang t\u00f4i\">\n\t\t\t\t<svg class=\"ekit-svg-icon icon-envelope1\" viewbox=\"0 0 32 32\" xmlns=\"http:\/\/www.w3.org\/2000\/svg\"><path d=\"M28 9.6h-25.6c-1.323 0-2.4 1.077-2.4 2.4v14.4c0 1.323 1.077 2.4 2.4 2.4h25.6c1.323 0 2.4-1.077 2.4-2.4v-14.4c0-1.323-1.077-2.4-2.4-2.4zM28 11.2c0.047 0 0.093 0.005 0.139 0.013l-12.051 8.034c-0.464 0.31-1.311 0.31-1.775 0l-12.051-8.034c0.045-0.008 0.091-0.013 0.139-0.013h25.6zM28 27.2h-25.6c-0.441 0-0.8-0.359-0.8-0.8v-13.705l11.825 7.883c0.498 0.332 1.136 0.498 1.775 0.498s1.277-0.166 1.775-0.498l11.825-7.883v13.705c0 0.441-0.359 0.8-0.8 0.8z\"><\/path><\/svg>\t\t\t\t<\/a>\n\t\t\t<\/div>\n\t\t\t\n\t\t\t\t\t\t<div class=\"elementor-icon-box-content\">\n\n\t\t\t\t\t\t\t\t\t<h5 class=\"elementor-icon-box-title\">\n\t\t\t\t\t\t<a href=\"mailto:anduongduc@gmail.com\" target=\"_blank\" >\n\t\t\t\t\t\t\tG\u1eedi m\u00f4 t\u1ea3 d\u1ef1 \u00e1n cho ch\u00fang t\u00f4i\t\t\t\t\t\t<\/a>\n\t\t\t\t\t<\/h5>\n\t\t\t\t\n\t\t\t\t\t\t\t\t\t<p class=\"elementor-icon-box-description\">\n\t\t\t\t\t\tanduongduc@gmail.com\t\t\t\t\t<\/p>\n\t\t\t\t\n\t\t\t<\/div>\n\t\t\t\n\t\t<\/div>\n\t\t\t\t\t\t<\/div>\n\t\t\t\t<div class=\"elementor-element elementor-element-14c22de9 elementor-view-stacked elementor-shape-square elementor-position-inline-start elementor-mobile-position-inline-start elementor-widget elementor-widget-icon-box\" data-id=\"14c22de9\" data-element_type=\"widget\" data-e-type=\"widget\" data-widget_type=\"icon-box.default\">\n\t\t\t\t\t\t\t<div class=\"elementor-icon-box-wrapper\">\n\n\t\t\t\t\t\t<div class=\"elementor-icon-box-icon\">\n\t\t\t\t<a href=\"https:\/\/maps.app.goo.gl\/61TkH2Uj7QmNKfWg9\" target=\"_blank\" class=\"elementor-icon\" tabindex=\"-1\" aria-label=\"Gh\u00e9 th\u0103m v\u0103n ph\u00f2ng\">\n\t\t\t\t<svg class=\"ekit-svg-icon icon-map-marker1\" viewbox=\"0 0 32 32\" xmlns=\"http:\/\/www.w3.org\/2000\/svg\"><path d=\"M15.988 6.775c-3.694 0-6.694 3.006-6.694 6.694s3 6.7 6.694 6.7 6.694-3.006 6.694-6.694-3-6.7-6.694-6.7zM15.988 18.563c-2.806 0-5.088-2.288-5.088-5.088s2.287-5.088 5.088-5.088 5.088 2.287 5.088 5.088-2.275 5.088-5.088 5.088zM15.988 0.4c-0.15 0-0.306 0-0.456 0.006-6.456 0.225-11.787 5.237-12.406 11.662-0.119 1.244-0.056 2.494 0.169 3.688 0 0 0.019 0.15 0.094 0.431 0.194 0.881 0.494 1.744 0.862 2.538 1.331 3.15 4.244 8 10.569 13.25 0.331 0.275 0.75 0.425 1.188 0.425 0.431 0 0.85-0.15 1.188-0.425 6.319-5.244 9.231-10.1 10.556-13.225 0.381-0.819 0.675-1.681 0.869-2.563 0.038-0.156 0.063-0.287 0.087-0.412 0.156-0.806 0.238-1.631 0.238-2.456-0.025-7.119-5.825-12.919-12.956-12.919zM27.106 15.5c0 0.012-0.019 0.125-0.063 0.325-0.175 0.775-0.431 1.525-0.775 2.269-1.262 2.988-4.037 7.6-10.106 12.637-0.056 0.044-0.119 0.056-0.163 0.056-0.037 0-0.106-0.012-0.162-0.056-6.075-5.037-8.856-9.65-10.125-12.656-0.331-0.719-0.588-1.475-0.769-2.25-0.037-0.169-0.056-0.275-0.063-0.306 0-0.012-0.006-0.025-0.006-0.037-0.2-1.069-0.256-2.169-0.15-3.256 0.544-5.625 5.212-10.019 10.869-10.213 6.425-0.225 11.725 4.938 11.725 11.319 0 0.719-0.075 1.438-0.212 2.169z\"><\/path><\/svg>\t\t\t\t<\/a>\n\t\t\t<\/div>\n\t\t\t\n\t\t\t\t\t\t<div class=\"elementor-icon-box-content\">\n\n\t\t\t\t\t\t\t\t\t<h5 class=\"elementor-icon-box-title\">\n\t\t\t\t\t\t<a href=\"https:\/\/maps.app.goo.gl\/61TkH2Uj7QmNKfWg9\" target=\"_blank\" >\n\t\t\t\t\t\t\tGh\u00e9 th\u0103m v\u0103n ph\u00f2ng\t\t\t\t\t\t<\/a>\n\t\t\t\t\t<\/h5>\n\t\t\t\t\n\t\t\t\t\t\t\t\t\t<p class=\"elementor-icon-box-description\">\n\t\t\t\t\t\tS\u1ed1 14, ng\u00f5 73 Quan Nh\u00e2n, ph\u01b0\u1eddng Thanh Xu\u00e2n, H\u00e0 N\u1ed9i\t\t\t\t\t<\/p>\n\t\t\t\t\n\t\t\t<\/div>\n\t\t\t\n\t\t<\/div>\n\t\t\t\t\t\t<\/div>\n\t\t\t\t<\/div>\n\t\t\t\t\t<\/div>\n\t\t\t\t<\/div>\n\t\t\t\t<\/div>","protected":false},"excerpt":{"rendered":"<p>Li\u00ean h\u1ec7 K\u1ebft n\u1ed1i v\u1edbi chuy\u00ean gia c\u1ee7a Alvenix Alvenix s\u1eb5n s\u00e0ng l\u1eafng nghe v\u00e0 \u0111\u1ed3ng h\u00e0nh \u0111\u1ec3 bi\u1ebfn t\u1ea7m nh\u00ecn c\u1ee7a b\u1ea1n th\u00e0nh hi\u1ec7n th\u1ef1c. Hotline h\u1ed7 tr\u1ee3 +84 (0) 968 55 22 04 G\u1eedi m\u00f4 t\u1ea3 d\u1ef1 \u00e1n cho ch\u00fang t\u00f4i anduongduc@gmail.com Gh\u00e9 th\u0103m v\u0103n ph\u00f2ng S\u1ed1 14, ng\u00f5 73 Quan Nh\u00e2n, ph\u01b0\u1eddng [&hellip;]<\/p>\n","protected":false},"author":1,"featured_media":0,"parent":0,"menu_order":0,"comment_status":"closed","ping_status":"closed","template":"elementor_header_footer","meta":{"footnotes":""},"class_list":["post-225","page","type-page","status-publish","hentry"],"_links":{"self":[{"href":"https:\/\/alvenix.vn\/en\/wp-json\/wp\/v2\/pages\/225","targetHints":{"allow":["GET"]}}],"collection":[{"href":"https:\/\/alvenix.vn\/en\/wp-json\/wp\/v2\/pages"}],"about":[{"href":"https:\/\/alvenix.vn\/en\/wp-json\/wp\/v2\/types\/page"}],"author":[{"embeddable":true,"href":"https:\/\/alvenix.vn\/en\/wp-json\/wp\/v2\/users\/1"}],"replies":[{"embeddable":true,"href":"https:\/\/alvenix.vn\/en\/wp-json\/wp\/v2\/comments?post=225"}],"version-history":[{"count":23,"href":"https:\/\/alvenix.vn\/en\/wp-json\/wp\/v2\/pages\/225\/revisions"}],"predecessor-version":[{"id":564,"href":"https:\/\/alvenix.vn\/en\/wp-json\/wp\/v2\/pages\/225\/revisions\/564"}],"wp:attachment":[{"href":"https:\/\/alvenix.vn\/en\/wp-json\/wp\/v2\/media?parent=225"}],"curies":[{"name":"wp","href":"https:\/\/api.w.org\/{rel}","templated":true}]}}